{"id":2775,"date":"2026-01-12T12:04:37","date_gmt":"2026-01-12T11:04:37","guid":{"rendered":"https:\/\/haraldwestre.com\/no\/?page_id=2775"},"modified":"2026-01-12T12:10:05","modified_gmt":"2026-01-12T11:10:05","slug":"fokusomrader","status":"publish","type":"page","link":"https:\/\/haraldwestre.com\/no\/fokusomrader\/","title":{"rendered":"Fokusomr\u00e5der"},"content":{"rendered":"\n<h2 class=\"wp-block-heading\">Hvordan disse omr\u00e5dene henger sammen<\/h2>\n\n\n\n<p>Alle fokusomr\u00e5dene er uttrykk for samme arbeid og samme erfaring, brukt i ulike sammenhenger.<br>Noen handler om helse og behandling, andre om tro, mening og formidling, og andre igjen om struktur og bygging.<br>Fellesnevneren er praksis, ansvar og det jeg faktisk st\u00e5r i over tid.<\/p>\n\n\n\n<p><\/p>\n\n\n\n<ul class=\"wp-block-list\">\n<li><strong><a href=\"https:\/\/smartbehandling.no\/\">Smart Behandling<\/a><\/strong> \u2013 informasjon om plager, behandling og helse i praksis<\/li>\n\n\n\n<li><strong><a href=\"https:\/\/xn--forst-qra.no\/\">Forst\u00e5.no<\/a><\/strong> \u2013 refleksjon rundt liv, tro og mening<\/li>\n\n\n\n<li><strong><a href=\"https:\/\/healing.online\/\">Healing.online<\/a><\/strong> \u2013 kristen helbredelse, b\u00f8nn og veiledning<\/li>\n\n\n\n<li><a href=\"https:\/\/wekst.com\/\"><strong>Wekst<\/strong> <\/a>\u2013 markedsf\u00f8ring for profitabel vekst<\/li>\n<\/ul>\n","protected":false},"excerpt":{"rendered":"<p>Dette er omr\u00e5der jeg arbeider innenfor og bruker mest tid p\u00e5 i dag, basert p\u00e5 bakgrunn, erfaring og det jeg faktisk bygger og forvalter.<\/p>\n","protected":false},"author":1,"featured_media":0,"parent":0,"menu_order":0,"comment_status":"closed","ping_status":"closed","template":"","meta":{"_et_pb_use_builder":"off","_et_pb_old_content":"","_et_gb_content_width":"","_daam_enable_autolinks":"1","footnotes":""},"class_list":["post-2775","page","type-page","status-publish","hentry"],"uagb_featured_image_src":{"full":false,"thumbnail":false,"medium":false,"medium_large":false,"large":false,"1536x1536":false,"2048x2048":false,"bloom_image":false,"et-pb-post-main-image":false,"et-pb-post-main-image-fullwidth":false,"et-pb-portfolio-image":false,"et-pb-portfolio-module-image":false,"et-pb-portfolio-image-single":false,"et-pb-gallery-module-image-portrait":false,"et-pb-post-main-image-fullwidth-large":false,"et-pb-image--responsive--desktop":false,"et-pb-image--responsive--tablet":false,"et-pb-image--responsive--phone":false,"mpcs-course-thumbnail":false},"uagb_author_info":{"display_name":"Harald Westre","author_link":"https:\/\/haraldwestre.com\/no\/author\/harald\/"},"uagb_comment_info":0,"uagb_excerpt":"Dette er omr\u00e5der jeg arbeider innenfor og bruker mest tid p\u00e5 i dag, basert p\u00e5 bakgrunn, erfaring og det jeg faktisk bygger og forvalter.","_links":{"self":[{"href":"https:\/\/haraldwestre.com\/no\/wp-json\/wp\/v2\/pages\/2775","targetHints":{"allow":["GET"]}}],"collection":[{"href":"https:\/\/haraldwestre.com\/no\/wp-json\/wp\/v2\/pages"}],"about":[{"href":"https:\/\/haraldwestre.com\/no\/wp-json\/wp\/v2\/types\/page"}],"author":[{"embeddable":true,"href":"https:\/\/haraldwestre.com\/no\/wp-json\/wp\/v2\/users\/1"}],"replies":[{"embeddable":true,"href":"https:\/\/haraldwestre.com\/no\/wp-json\/wp\/v2\/comments?post=2775"}],"version-history":[{"count":6,"href":"https:\/\/haraldwestre.com\/no\/wp-json\/wp\/v2\/pages\/2775\/revisions"}],"predecessor-version":[{"id":2796,"href":"https:\/\/haraldwestre.com\/no\/wp-json\/wp\/v2\/pages\/2775\/revisions\/2796"}],"wp:attachment":[{"href":"https:\/\/haraldwestre.com\/no\/wp-json\/wp\/v2\/media?parent=2775"}],"curies":[{"name":"wp","href":"https:\/\/api.w.org\/{rel}","templated":true}]}}