{"id":584,"date":"2020-10-22T16:00:05","date_gmt":"2020-10-22T14:00:05","guid":{"rendered":"https:\/\/haraldwestre.com\/no\/?page_id=584"},"modified":"2021-04-29T01:08:46","modified_gmt":"2021-04-28T23:08:46","slug":"booking","status":"publish","type":"page","link":"https:\/\/haraldwestre.com\/no\/booking\/","title":{"rendered":"Booking"},"content":{"rendered":"<p>[et_pb_section fb_built=&raquo;1&#8243; _builder_version=&raquo;4.5.6&#8243; _module_preset=&raquo;default&raquo; background_color=&raquo;#132235&#8243; background_enable_image=&raquo;off&raquo; custom_padding=&raquo;9px||0px|||&raquo;][et_pb_row column_structure=&raquo;1_2,1_2&#8243; _builder_version=&raquo;4.5.6&#8243; _module_preset=&raquo;default&raquo; custom_padding=&raquo;0px||0px|||&raquo;][et_pb_column type=&raquo;1_2&#8243; _builder_version=&raquo;4.5.6&#8243; _module_preset=&raquo;default&raquo;][et_pb_text _builder_version=&raquo;4.5.6&#8243; _module_preset=&raquo;default&raquo; background_layout=&raquo;dark&raquo; custom_margin=&raquo;1px||-4px|||&raquo; custom_margin_tablet=&raquo;25px||||false|false&raquo; custom_margin_phone=&raquo;0px||||false|false&raquo; custom_margin_last_edited=&raquo;on|desktop&raquo; custom_padding=&raquo;63px||0px|||&raquo;]<\/p>\n<h1><strong><span color=\"#cbab67\" style=\"color: #cbab67;\">Booking <\/span><span color=\"#cbab67\">av samtale med Harald<\/span><\/strong><\/h1>\n<p><strong><span color=\"#cbab67\">Book samtale med Harald for \u00e5 snakke om hvordan dere kan f\u00e5 flere kunder med nettsiden til bedriften din.<\/span><\/strong><\/p>\n<ul>\n<li>\n<h4><span color=\"#cbab67\" style=\"color: #cbab67;\"><span style=\"color: #ffffff;\">Ranger bedre i Google\/Bing<\/span><\/span><\/h4>\n<\/li>\n<li>\n<h4><span color=\"#cbab67\" style=\"color: #cbab67;\"><span style=\"color: #ffffff;\">F\u00e5 mer relevant trafikk<\/span><\/span><\/h4>\n<\/li>\n<li>\n<h4><span color=\"#cbab67\" style=\"color: #cbab67;\"><span style=\"color: #ffffff;\">\u00d8k omsetningen til bedriften<\/span><\/span><\/h4>\n<\/li>\n<li>\n<h4><span color=\"#cbab67\" style=\"color: #cbab67;\"><span style=\"color: #ffffff;\">Ta markedsandeler<\/span><\/span><\/h4>\n<\/li>\n<li>\n<h4><span color=\"#ffffff\" style=\"color: #ffffff;\">Konverter til flere kunder<\/span><\/h4>\n<\/li>\n<\/ul>\n<p><span color=\"#ffffff\" style=\"color: #ffffff;\"><\/span><\/p>\n<p>[\/et_pb_text][\/et_pb_column][et_pb_column type=&raquo;1_2&#8243; _builder_version=&raquo;4.5.1&#8243; _module_preset=&raquo;default&raquo;][et_pb_image src=&raquo;https:\/\/haraldwestre.com\/no\/wp-content\/uploads\/sites\/2\/2020\/08\/harald.jpg&raquo; alt=&raquo;harald westre&raquo; title_text=&raquo;harald&raquo; _builder_version=&raquo;4.5.6&#8243; _module_preset=&raquo;default&raquo; custom_margin=&raquo;22px||||false|false&raquo; custom_margin_tablet=&raquo;0px||||false|false&raquo; custom_margin_phone=&raquo;0px||||false|false&raquo; custom_margin_last_edited=&raquo;on|desktop&raquo; custom_padding=&raquo;4px||||false|false&raquo;][\/et_pb_image][\/et_pb_column][\/et_pb_row][\/et_pb_section][et_pb_section fb_built=&raquo;1&#8243; _builder_version=&raquo;4.5.1&#8243; _module_preset=&raquo;default&raquo; custom_padding=&raquo;16px|||||&raquo; global_module=&raquo;289&#8243; saved_tabs=&raquo;all&raquo;][et_pb_row _builder_version=&raquo;4.6.3&#8243; _module_preset=&raquo;default&raquo; custom_padding=&raquo;2px|||||&raquo;][et_pb_column type=&raquo;4_4&#8243; _builder_version=&raquo;4.6.3&#8243; _module_preset=&raquo;default&raquo;][et_pb_code _builder_version=&raquo;4.6.3&#8243; _module_preset=&raquo;default&raquo;]<iframe src=\"https:\/\/harald-westre.youcanbook.me\/?noframe=true&#038;skipHeaderFooter=true\" id=\"ycbmiframeharald-westre\" style=\"width:100%;height:1000px;border:0px;background-color:transparent;\" frameborder=\"0\" allowtransparency=\"true\"><\/iframe><script>window.addEventListener && window.addEventListener(\"message\", function(event){if (event.origin === \"https:\/\/harald-westre.youcanbook.me\"){document.getElementById(\"ycbmiframeharald-westre\").style.height = event.data + \"px\";}}, false);<\/script>[\/et_pb_code][et_pb_code _builder_version=&raquo;4.6.3&#8243; _module_preset=&raquo;default&raquo;]<!-- TuCalendi Widget --><!-- [et_pb_line_break_holder] --><script type=\"text\/javascript\" src=\"https:\/\/widgets.tucalendi.com\/assets\/iframewidget.js\"><\/script><script type=\"text\/javascript\">Tucalendi.initConfig({domain:\"null\/hw\"});<\/script><!-- [et_pb_line_break_holder] --><!-- End TuCalendi Widget -->[\/et_pb_code][\/et_pb_column][\/et_pb_row][et_pb_row _builder_version=&raquo;4.5.1&#8243; _module_preset=&raquo;default&raquo; custom_padding=&raquo;4px|||||&raquo;][et_pb_column type=&raquo;4_4&#8243; _builder_version=&raquo;4.5.1&#8243; _module_preset=&raquo;default&raquo;][et_pb_text _builder_version=&raquo;4.5.1&#8243; _module_preset=&raquo;default&raquo; custom_margin=&raquo;||2px|||&raquo; custom_padding=&raquo;11px||15px|||&raquo;]<\/p>\n<h3 style=\"text-align: center;\">Hva sier kunder om Harald?<\/h3>\n<p>[\/et_pb_text][et_pb_testimonial author=&raquo;Magnus Wester&raquo; job_title=&raquo;Eier og daglig leder&raquo; company_name=&raquo;GPS RADAR&raquo; portrait_url=&raquo;https:\/\/haraldwestre.com\/no\/wp-content\/uploads\/sites\/2\/2020\/10\/5910315-2.jpg&raquo; quote_icon_color=&raquo;rgba(0,0,0,0)&raquo; quote_icon_background_color=&raquo;rgba(0,0,0,0)&raquo; portrait_width=&raquo;141px&raquo; _builder_version=&raquo;4.6.3&#8243; _module_preset=&raquo;default&raquo; background_color=&raquo;#FFFFFF&raquo; border_radii=&raquo;on|4px|4px|4px|4px&raquo; border_color_all_portrait=&raquo;#FFFFFF&raquo; box_shadow_style=&raquo;preset1&#8243; box_shadow_color=&raquo;#2a3c5a&raquo;]<\/p>\n<div class=\"et_pb_testimonial_content\">\n<div>\n<h5><b>Ekstrem forbedring av omsetning og konverteringsgrad!<\/b><\/h5>\n<\/div>\n<div>\n<p><i>Jeg ville forbedre konverteringsgraden til nettbutikken til GPS RADAR for \u00e5 sikre best mulig vekst. P\u00e5 anbefalinger tok vi kontakt med Harald for \u00e5 h\u00f8re om han kunne hjelpe oss med CRO.\u00a0<\/i><\/p>\n<div><i>\u00a0<\/i><\/div>\n<div><i>Etter noen m\u00e5neders samarbeid har Harald hjulpet oss med \u00e5 forbedre konverteringsgraden betydelig og bidratt til \u00e5 \u00f8ke omsetningen v\u00e5r med 323%.\u00a0\u00a0<\/i><i style=\"font-size: 16px;\">Jeg opplever Harald som sv\u00e6rt dyktig, profesjonell og \u00e6rlig.\u00a0<\/i><\/div>\n<div><i>\u00a0<\/i><\/div>\n<div><i>Jeg vil helst ikke anbefale Harald, da jeg vil ha han for meg selv.<\/i><\/div>\n<\/div>\n<div><\/div>\n<\/div>\n<p>[\/et_pb_testimonial][et_pb_testimonial author=&raquo;Markus Klepp&raquo; job_title=&raquo;Eier og daglig leder&raquo; company_name=&raquo;Mystuff.no&raquo; portrait_url=&raquo;https:\/\/haraldwestre.com\/no\/wp-content\/uploads\/sites\/2\/2020\/09\/Mystuff_logo_bred-removebg-preview.png&raquo; quote_icon_color=&raquo;rgba(0,0,0,0)&raquo; quote_icon_background_color=&raquo;rgba(0,0,0,0)&raquo; portrait_width=&raquo;141px&raquo; _builder_version=&raquo;4.6.3&#8243; _module_preset=&raquo;default&raquo; background_color=&raquo;#FFFFFF&raquo; border_radii=&raquo;on|4px|4px|4px|4px&raquo; border_color_all_portrait=&raquo;#FFFFFF&raquo; box_shadow_style=&raquo;preset1&#8243; box_shadow_color=&raquo;#2a3c5a&raquo;]<\/p>\n<div class=\"et_pb_testimonial_content\">\n<div>\n<h5><b>Enorm \u00f8konomisk gevinst!<\/b><\/h5>\n<h5><span style=\"font-size: 14px;\">Harald sitter med uvurderlig kunnskap og er garantert blant de beste i Norge p\u00e5 hans felt, om ikke den beste.<\/span><\/h5>\n<\/div>\n<div>\n<p><span style=\"font-weight: 400;\">Etter omtrent 6 m\u00e5neder med samarbeid s\u00e5 sitter jeg igjen med enorm kunnskap som jeg ikke visste eksisterte, og har strategier jeg bruker hver eneste dag. Samtidig har det v\u00e6rt en enorm \u00f8konomisk gevinst, hvor jeg har \u00f8kt omsetning med hele 1339% i forhold til fjor\u00e5ret.\u00a0<\/span><\/p>\n<\/div>\n<div><\/div>\n<\/div>\n<p>[\/et_pb_testimonial][et_pb_testimonial author=&raquo;Adi Velic&raquo; job_title=&raquo;Eier og daglig leder&raquo; company_name=&raquo;Beauty House&raquo; portrait_url=&raquo;https:\/\/haraldwestre.com\/no\/wp-content\/uploads\/sites\/2\/2020\/08\/Beauty-House.png&raquo; quote_icon_color=&raquo;rgba(0,0,0,0)&raquo; quote_icon_background_color=&raquo;rgba(0,0,0,0)&raquo; _builder_version=&raquo;4.5.6&#8243; _module_preset=&raquo;default&raquo; background_color=&raquo;#FFFFFF&raquo; border_radii=&raquo;on|4px|4px|4px|4px&raquo; border_color_all_portrait=&raquo;#FFFFFF&raquo; box_shadow_style=&raquo;preset1&#8243; box_shadow_color=&raquo;#2a3c5a&raquo;]<\/p>\n<div class=\"et_pb_testimonial_content\">\n<div>\n<h5><b>Betydelig \u00f8kt organisk synlighet og trafikk<\/b><\/h5>\n<div><\/div>\n<\/div>\n<div>&laquo;Gjennom teknisk analyse og SEO-bistand for lansering av ny nettside for<span>\u00a0<\/span>Beauty House, som innebar at vi la ned nettbutikken v\u00e5r og kun fokuserte p\u00e5 tjenestene som vi tilbyr, s\u00f8rget Harald for en trygg overgang. Vi \u00f8kte trafikken totalt sett fra Googles organiske resultat med 28,91% og sidevisningene v\u00e5re i Google \u00f8kte med 44,12%. I tillegg \u00f8kte vi den organiske trafikken fra Google til tjenestesidene v\u00e5re med 45,97%. Harald\u00a0h\u00e5ndterte prosjektet profesjonelt, og sikret et godt samarbeid med b\u00e5de designere og utviklere.&raquo;<\/div>\n<div><\/div>\n<\/div>\n<p>[\/et_pb_testimonial][et_pb_testimonial author=&raquo;\u00d8yvind N\u00e6ss&raquo; job_title=&raquo;Faglig studieleder, Digital Innholdsproduksjon,&raquo; company_name=&raquo;Fagskolen Kristiania |Oslo&raquo; portrait_url=&raquo;https:\/\/haraldwestre.com\/no\/wp-content\/uploads\/sites\/2\/2020\/09\/Oyvind-Naess.jpg&raquo; quote_icon_color=&raquo;rgba(0,0,0,0)&raquo; quote_icon_background_color=&raquo;rgba(0,0,0,0)&raquo; _builder_version=&raquo;4.5.6&#8243; _module_preset=&raquo;default&raquo; background_color=&raquo;#FFFFFF&raquo; border_radii=&raquo;on|4px|4px|4px|4px&raquo; border_color_all_portrait=&raquo;#FFFFFF&raquo; box_shadow_style=&raquo;preset1&#8243; box_shadow_color=&raquo;#2a3c5a&raquo;]<\/p>\n<div class=\"et_pb_testimonial_content\">\n<div>\n<h5><b>Stort faglig utbytte<\/b><\/h5>\n<div><\/div>\n<\/div>\n<div>\n<p>&laquo;P\u00e5 anbefalinger booket vi inn Harwest (Harald Westre) for \u00e5 holde et SEO-foredrag for Digital Innholdsproduksjons-studentene ved Fagskolen Kristiania.<\/p>\n<p><span>Foredraget var strukturert og pedagogisk, og Harald evnet \u00e5 bryte ned\u00a0SEO til lett forst\u00e5elige deler som resulterte i at vi satt igjen med et stort praktisk utbytte.&raquo;\u00a0<\/span><\/p>\n<\/div>\n<div><\/div>\n<\/div>\n<p>[\/et_pb_testimonial][\/et_pb_column][\/et_pb_row][\/et_pb_section][et_pb_section fb_built=&raquo;1&#8243; module_id=&raquo;Kontakt&raquo; _builder_version=&raquo;4.5.6&#8243; _module_preset=&raquo;default&raquo; background_color=&raquo;#132235&#8243;][et_pb_row column_structure=&raquo;1_2,1_2&#8243; _builder_version=&raquo;4.5.1&#8243; _module_preset=&raquo;default&raquo;][et_pb_column type=&raquo;1_2&#8243; _builder_version=&raquo;4.5.1&#8243; _module_preset=&raquo;default&raquo;][et_pb_text _builder_version=&raquo;4.5.1&#8243; _module_preset=&raquo;default&raquo; background_layout=&raquo;dark&raquo; custom_margin=&raquo;||-1px|||&raquo;]<\/p>\n<h3 style=\"text-align: center;\">Ring eller send sms<\/h3>\n<p>[\/et_pb_text][et_pb_image src=&raquo;https:\/\/haraldwestre.com\/no\/wp-content\/uploads\/sites\/2\/2020\/07\/kontakt.png&raquo; alt=&raquo;kontakt&raquo; title_text=&raquo;kontakt&raquo; align=&raquo;center&raquo; _builder_version=&raquo;4.5.1&#8243; _module_preset=&raquo;default&raquo; width=&raquo;47%&raquo;][\/et_pb_image][et_pb_button button_url=&raquo;tel:+47%2095%2033%2053%2063&#8243; button_text=&raquo;95 33 53 63&#8243; button_alignment=&raquo;center&raquo; _builder_version=&raquo;4.5.1&#8243; _module_preset=&raquo;default&raquo; custom_button=&raquo;on&raquo; button_text_size=&raquo;16px&raquo; button_border_width=&raquo;2px&raquo; button_border_color=&raquo;#cbab67&#8243; button_icon=&raquo;%%264%%&raquo; button_icon_color=&raquo;#2a3c5a&raquo; button_icon_placement=&raquo;left&raquo; button_on_hover=&raquo;off&raquo; custom_padding=&raquo;|16px||30px|false|false&raquo;][\/et_pb_button][\/et_pb_column][et_pb_column type=&raquo;1_2&#8243; _builder_version=&raquo;4.5.1&#8243; _module_preset=&raquo;default&raquo;][et_pb_text _builder_version=&raquo;4.5.1&#8243; _module_preset=&raquo;default&raquo; background_layout=&raquo;dark&raquo; custom_margin=&raquo;||-1px|||&raquo;]<\/p>\n<h3 style=\"text-align: center;\">Send melding<\/h3>\n<p>[\/et_pb_text][et_pb_contact_form captcha=&raquo;off&raquo; email=&raquo;harald@harwest.no&raquo; _builder_version=&raquo;4.6.3&#8243; _module_preset=&raquo;default&raquo; border_radii=&raquo;on|4px|4px|4px|4px&raquo;][et_pb_contact_field field_id=&raquo;Name&raquo; field_title=&raquo;Navn&raquo; _builder_version=&raquo;3.16&#8243; button_text_size__hover_enabled=&raquo;off&raquo; button_one_text_size__hover_enabled=&raquo;off&raquo; button_two_text_size__hover_enabled=&raquo;off&raquo; button_text_color__hover_enabled=&raquo;off&raquo; button_one_text_color__hover_enabled=&raquo;off&raquo; button_two_text_color__hover_enabled=&raquo;off&raquo; button_border_width__hover_enabled=&raquo;off&raquo; button_one_border_width__hover_enabled=&raquo;off&raquo; button_two_border_width__hover_enabled=&raquo;off&raquo; button_border_color__hover_enabled=&raquo;off&raquo; button_one_border_color__hover_enabled=&raquo;off&raquo; button_two_border_color__hover_enabled=&raquo;off&raquo; button_border_radius__hover_enabled=&raquo;off&raquo; button_one_border_radius__hover_enabled=&raquo;off&raquo; button_two_border_radius__hover_enabled=&raquo;off&raquo; button_letter_spacing__hover_enabled=&raquo;off&raquo; button_one_letter_spacing__hover_enabled=&raquo;off&raquo; button_two_letter_spacing__hover_enabled=&raquo;off&raquo; button_bg_color__hover_enabled=&raquo;off&raquo; button_one_bg_color__hover_enabled=&raquo;off&raquo; button_two_bg_color__hover_enabled=&raquo;off&raquo;][\/et_pb_contact_field][et_pb_contact_field field_id=&raquo;Email&raquo; field_title=&raquo;E-postadresse&raquo; field_type=&raquo;email&raquo; _builder_version=&raquo;4.6.3&#8243; button_text_size__hover_enabled=&raquo;off&raquo; button_one_text_size__hover_enabled=&raquo;off&raquo; button_two_text_size__hover_enabled=&raquo;off&raquo; button_text_color__hover_enabled=&raquo;off&raquo; button_one_text_color__hover_enabled=&raquo;off&raquo; button_two_text_color__hover_enabled=&raquo;off&raquo; button_border_width__hover_enabled=&raquo;off&raquo; button_one_border_width__hover_enabled=&raquo;off&raquo; button_two_border_width__hover_enabled=&raquo;off&raquo; button_border_color__hover_enabled=&raquo;off&raquo; button_one_border_color__hover_enabled=&raquo;off&raquo; button_two_border_color__hover_enabled=&raquo;off&raquo; button_border_radius__hover_enabled=&raquo;off&raquo; button_one_border_radius__hover_enabled=&raquo;off&raquo; button_two_border_radius__hover_enabled=&raquo;off&raquo; button_letter_spacing__hover_enabled=&raquo;off&raquo; button_one_letter_spacing__hover_enabled=&raquo;off&raquo; button_two_letter_spacing__hover_enabled=&raquo;off&raquo; button_bg_color__hover_enabled=&raquo;off&raquo; button_one_bg_color__hover_enabled=&raquo;off&raquo; button_two_bg_color__hover_enabled=&raquo;off&raquo;][\/et_pb_contact_field][et_pb_contact_field field_id=&raquo;Message&raquo; field_title=&raquo;Melding&raquo; field_type=&raquo;text&raquo; fullwidth_field=&raquo;on&raquo; _builder_version=&raquo;3.16&#8243; button_text_size__hover_enabled=&raquo;off&raquo; button_one_text_size__hover_enabled=&raquo;off&raquo; button_two_text_size__hover_enabled=&raquo;off&raquo; button_text_color__hover_enabled=&raquo;off&raquo; button_one_text_color__hover_enabled=&raquo;off&raquo; button_two_text_color__hover_enabled=&raquo;off&raquo; button_border_width__hover_enabled=&raquo;off&raquo; button_one_border_width__hover_enabled=&raquo;off&raquo; button_two_border_width__hover_enabled=&raquo;off&raquo; button_border_color__hover_enabled=&raquo;off&raquo; button_one_border_color__hover_enabled=&raquo;off&raquo; button_two_border_color__hover_enabled=&raquo;off&raquo; button_border_radius__hover_enabled=&raquo;off&raquo; button_one_border_radius__hover_enabled=&raquo;off&raquo; button_two_border_radius__hover_enabled=&raquo;off&raquo; button_letter_spacing__hover_enabled=&raquo;off&raquo; button_one_letter_spacing__hover_enabled=&raquo;off&raquo; button_two_letter_spacing__hover_enabled=&raquo;off&raquo; button_bg_color__hover_enabled=&raquo;off&raquo; button_one_bg_color__hover_enabled=&raquo;off&raquo; button_two_bg_color__hover_enabled=&raquo;off&raquo;][\/et_pb_contact_field][\/et_pb_contact_form][\/et_pb_column][\/et_pb_row][\/et_pb_section]<\/p>\n","protected":false},"excerpt":{"rendered":"<p>Booking av samtale med Harald Book samtale med Harald for \u00e5 snakke om hvordan dere kan f\u00e5 flere kunder med [&hellip;]<\/p>\n","protected":false},"author":1,"featured_media":0,"parent":0,"menu_order":0,"comment_status":"closed","ping_status":"closed","template":"","meta":{"_et_pb_use_builder":"on","_et_pb_old_content":"","_et_gb_content_width":"","_daam_enable_autolinks":"1","footnotes":""},"class_list":["post-584","page","type-page","status-publish","hentry"],"uagb_featured_image_src":{"full":false,"thumbnail":false,"medium":false,"medium_large":false,"large":false,"1536x1536":false,"2048x2048":false,"bloom_image":false,"et-pb-post-main-image":false,"et-pb-post-main-image-fullwidth":false,"et-pb-portfolio-image":false,"et-pb-portfolio-module-image":false,"et-pb-portfolio-image-single":false,"et-pb-gallery-module-image-portrait":false,"et-pb-post-main-image-fullwidth-large":false,"et-pb-image--responsive--desktop":false,"et-pb-image--responsive--tablet":false,"et-pb-image--responsive--phone":false,"mpcs-course-thumbnail":false},"uagb_author_info":{"display_name":"Harald Westre","author_link":"https:\/\/haraldwestre.com\/no\/author\/harald\/"},"uagb_comment_info":0,"uagb_excerpt":"Booking av samtale med Harald Book samtale med Harald for \u00e5 snakke om hvordan dere kan f\u00e5 flere kunder med [&hellip;]","_links":{"self":[{"href":"https:\/\/haraldwestre.com\/no\/wp-json\/wp\/v2\/pages\/584","targetHints":{"allow":["GET"]}}],"collection":[{"href":"https:\/\/haraldwestre.com\/no\/wp-json\/wp\/v2\/pages"}],"about":[{"href":"https:\/\/haraldwestre.com\/no\/wp-json\/wp\/v2\/types\/page"}],"author":[{"embeddable":true,"href":"https:\/\/haraldwestre.com\/no\/wp-json\/wp\/v2\/users\/1"}],"replies":[{"embeddable":true,"href":"https:\/\/haraldwestre.com\/no\/wp-json\/wp\/v2\/comments?post=584"}],"version-history":[{"count":16,"href":"https:\/\/haraldwestre.com\/no\/wp-json\/wp\/v2\/pages\/584\/revisions"}],"predecessor-version":[{"id":784,"href":"https:\/\/haraldwestre.com\/no\/wp-json\/wp\/v2\/pages\/584\/revisions\/784"}],"wp:attachment":[{"href":"https:\/\/haraldwestre.com\/no\/wp-json\/wp\/v2\/media?parent=584"}],"curies":[{"name":"wp","href":"https:\/\/api.w.org\/{rel}","templated":true}]}}